{"id":16,"date":"2021-08-05T12:22:18","date_gmt":"2021-08-05T12:22:18","guid":{"rendered":"https:\/\/von-lavanya.ch\/?page_id=16"},"modified":"2021-08-08T13:05:27","modified_gmt":"2021-08-08T13:05:27","slug":"ueber-uns","status":"publish","type":"page","link":"https:\/\/von-lavanya.ch\/index.php\/ueber-uns\/","title":{"rendered":"\u00dcber uns"},"content":{"rendered":"\r\n<p>Wir wohnen im sch\u00f6nen l\u00e4ndlichen Rottenschwil. Die Rasse Tibet Terrier begleitet mich und meine Familie schon \u00fcber 16 Jahre. Mit unserer gro\u00dfartigen H\u00fcndin Keesha hatten wir den A &amp; B Wurf. Seit 2019 h\u00e4lt uns unsere H\u00fcndin Yu-ma auf Trab. Wir blicken einer abenteuerreichen Zukunft entgegen.<\/p>\r\n\r\n\r\n\r\n<figure class=\"wp-block-image size-large is-resized\"><img decoding=\"async\" class=\"wp-image-10\" src=\"https:\/\/von-lavanya.ch\/wp-content\/uploads\/2021\/08\/ueber-uns-1-706x1024.jpeg\" alt=\"\" width=\"500\" srcset=\"https:\/\/von-lavanya.ch\/wp-content\/uploads\/2021\/08\/ueber-uns-1-706x1024.jpeg 706w, https:\/\/von-lavanya.ch\/wp-content\/uploads\/2021\/08\/ueber-uns-1-207x300.jpeg 207w, https:\/\/von-lavanya.ch\/wp-content\/uploads\/2021\/08\/ueber-uns-1-768x1115.jpeg 768w, https:\/\/von-lavanya.ch\/wp-content\/uploads\/2021\/08\/ueber-uns-1-1058x1536.jpeg 1058w, https:\/\/von-lavanya.ch\/wp-content\/uploads\/2021\/08\/ueber-uns-1.jpeg 1079w\" sizes=\"(max-width: 706px) 100vw, 706px\" \/><\/figure>\r\n","protected":false},"excerpt":{"rendered":"<p>Wir wohnen im sch\u00f6nen l\u00e4ndlichen Rottenschwil. Die Rasse Tibet Terrier begleitet mich und meine Familie schon \u00fcber 16 Jahre. Mit unserer gro\u00dfartigen H\u00fcndin Keesha hatten wir den A &amp; B Wurf. Seit 2019 h\u00e4lt uns unsere H\u00fcndin Yu-ma auf Trab. Wir blicken einer abenteuerreichen Zukunft entgegen.<\/p>\n","protected":false},"author":1,"featured_media":0,"parent":0,"menu_order":0,"comment_status":"closed","ping_status":"closed","template":"template-full-width.php","meta":{"footnotes":""},"class_list":["post-16","page","type-page","status-publish","hentry"],"_links":{"self":[{"href":"https:\/\/von-lavanya.ch\/index.php\/wp-json\/wp\/v2\/pages\/16","targetHints":{"allow":["GET"]}}],"collection":[{"href":"https:\/\/von-lavanya.ch\/index.php\/wp-json\/wp\/v2\/pages"}],"about":[{"href":"https:\/\/von-lavanya.ch\/index.php\/wp-json\/wp\/v2\/types\/page"}],"author":[{"embeddable":true,"href":"https:\/\/von-lavanya.ch\/index.php\/wp-json\/wp\/v2\/users\/1"}],"replies":[{"embeddable":true,"href":"https:\/\/von-lavanya.ch\/index.php\/wp-json\/wp\/v2\/comments?post=16"}],"version-history":[{"count":2,"href":"https:\/\/von-lavanya.ch\/index.php\/wp-json\/wp\/v2\/pages\/16\/revisions"}],"predecessor-version":[{"id":83,"href":"https:\/\/von-lavanya.ch\/index.php\/wp-json\/wp\/v2\/pages\/16\/revisions\/83"}],"wp:attachment":[{"href":"https:\/\/von-lavanya.ch\/index.php\/wp-json\/wp\/v2\/media?parent=16"}],"curies":[{"name":"wp","href":"https:\/\/api.w.org\/{rel}","templated":true}]}}