{"id":18,"date":"2021-08-05T12:24:32","date_gmt":"2021-08-05T12:24:32","guid":{"rendered":"https:\/\/von-lavanya.ch\/?page_id=18"},"modified":"2022-08-28T10:57:21","modified_gmt":"2022-08-28T10:57:21","slug":"huendinnen","status":"publish","type":"page","link":"https:\/\/von-lavanya.ch\/index.php\/huendinnen\/","title":{"rendered":"H\u00fcndinnen"},"content":{"rendered":"\r\n<p><strong>Mo Shu Yu-ma<\/strong><\/p>\r\n\r\n\r\n\r\n<figure class=\"wp-block-image size-large is-resized\"><img decoding=\"async\" class=\"wp-image-19\" src=\"https:\/\/von-lavanya.ch\/wp-content\/uploads\/2021\/08\/seite-3-yuma-1024x857.jpeg\" alt=\"\" width=\"500\" srcset=\"https:\/\/von-lavanya.ch\/wp-content\/uploads\/2021\/08\/seite-3-yuma-1024x857.jpeg 1024w, https:\/\/von-lavanya.ch\/wp-content\/uploads\/2021\/08\/seite-3-yuma-300x251.jpeg 300w, https:\/\/von-lavanya.ch\/wp-content\/uploads\/2021\/08\/seite-3-yuma-768x642.jpeg 768w, https:\/\/von-lavanya.ch\/wp-content\/uploads\/2021\/08\/seite-3-yuma.jpeg 1468w\" sizes=\"(max-width: 1024px) 100vw, 1024px\" \/><\/figure>\r\n\r\n\r\n\r\n<p>Yu-ma ist eine Traumh\u00fcndin. Sie ist immer gut gelaunt und bringt uns jeden Tag zum Lachen. Wenn wir ihren Charakter beschreiben m\u00fcssten, k\u00e4men uns die Begriffe liebevoll, verspielt und aufgestellt in den Sinn. Bei unseren t\u00e4glichen Spazierg\u00e4ngen sammelt sie passioniert \u00c4ste, welche sie voller Stolz nach Hause schleppt. Sie bringt beim Training viel Begeisterung auf und besucht auch fleissig die Hundeschule. Wenn es nicht nach ihrer Nase l\u00e4uft, teilt sie dies uns lautstark mit. Die Herzen anderer erobert sie im Sturm.<\/p>\r\n\r\n\r\n\r\n<p>Geb. 30.05.2019<\/p>\r\n\r\n\r\n\r\n<p>HD B\u00a0\u00a0\u00a0\u00a0\u00a0 ED 0\/0\u00a0\u00a0 Patella 0\/0\u00a0\u00a0\u00a0\u00a0\u00a0\u00a0\u00a0\u00a0\u00a0 LS-\u00dcGW: Typ 0<br \/>CCL frei \/ PLL frei \/ PRA3 frei \/ rcd4 Frei<br \/>Audiometrische Untersuchung: Beidseitig h\u00f6rend<br \/>Korr., vollst.Scherengebiss<br \/>Eltern: Nyams Dod-Pa od Vilzonky \/ Mo Shu Tha-Gi<\/p>\r\n<p>Z\u00fcchterin: Beatrix Rose, Buchfeld \/ DE. <br \/>Trixi, herzlichen Dank f\u00fcr diese Traumh\u00fcndin.<\/p>\r\n\r\n\r\n\r\n\r\n\r\n\r\n\r\n\r\n\r\n\r\n\r\n\r\n\r\n<p><strong><br \/>Kama Ka-tor Keesha<\/strong><\/p>\r\n<p>Leider mussten wir unsere Keesha am 14.06.22 \u00fcber die Regenbogenbr\u00fccke gehen lassen. Run free!!<\/p>\r\n\r\n\r\n\r\n<figure class=\"wp-block-image size-large is-resized\"><img decoding=\"async\" class=\"wp-image-20\" src=\"https:\/\/von-lavanya.ch\/wp-content\/uploads\/2021\/08\/seite-3-keesha-1024x904.jpeg\" alt=\"\" width=\"500\" srcset=\"https:\/\/von-lavanya.ch\/wp-content\/uploads\/2021\/08\/seite-3-keesha-1024x904.jpeg 1024w, https:\/\/von-lavanya.ch\/wp-content\/uploads\/2021\/08\/seite-3-keesha-300x265.jpeg 300w, https:\/\/von-lavanya.ch\/wp-content\/uploads\/2021\/08\/seite-3-keesha-768x678.jpeg 768w, https:\/\/von-lavanya.ch\/wp-content\/uploads\/2021\/08\/seite-3-keesha.jpeg 1364w\" sizes=\"(max-width: 1024px) 100vw, 1024px\" \/><\/figure>\r\n<p>Geb. 19.02.2006<\/p>\r\n\r\n\r\n\r\n<p>Keesha begleitet uns noch t\u00e4glich auf unseren Spazierg\u00e4ngen. Wir geniessen jeden Tag mit ihr. Sie ist eine treue Wegbegleiterin und gute Freundin f\u00fcr Yu-ma. Keeshas Leidenschaft ist das Essen, f\u00fcr dies tut sie fast alles. Die Nasenarbeit darf bei ihr jedoch nicht zu kurz kommen. Mit ihrem loyalen Charakter ist die schon l\u00e4ngst Herrin von unseren Herzen.<\/p>\r\n","protected":false},"excerpt":{"rendered":"<p>Mo Shu Yu-ma Yu-ma ist eine Traumh\u00fcndin. Sie ist immer gut gelaunt und bringt uns jeden Tag zum Lachen. Wenn wir ihren Charakter beschreiben m\u00fcssten, k\u00e4men uns die Begriffe liebevoll, verspielt und aufgestellt in den Sinn. Bei unseren t\u00e4glichen Spazierg\u00e4ngen sammelt sie passioniert \u00c4ste, welche sie voller Stolz nach Hause schleppt. Sie bringt beim Training &#8230;<\/p>\n","protected":false},"author":1,"featured_media":0,"parent":0,"menu_order":0,"comment_status":"closed","ping_status":"closed","template":"template-full-width.php","meta":{"footnotes":""},"class_list":["post-18","page","type-page","status-publish","hentry"],"_links":{"self":[{"href":"https:\/\/von-lavanya.ch\/index.php\/wp-json\/wp\/v2\/pages\/18","targetHints":{"allow":["GET"]}}],"collection":[{"href":"https:\/\/von-lavanya.ch\/index.php\/wp-json\/wp\/v2\/pages"}],"about":[{"href":"https:\/\/von-lavanya.ch\/index.php\/wp-json\/wp\/v2\/types\/page"}],"author":[{"embeddable":true,"href":"https:\/\/von-lavanya.ch\/index.php\/wp-json\/wp\/v2\/users\/1"}],"replies":[{"embeddable":true,"href":"https:\/\/von-lavanya.ch\/index.php\/wp-json\/wp\/v2\/comments?post=18"}],"version-history":[{"count":9,"href":"https:\/\/von-lavanya.ch\/index.php\/wp-json\/wp\/v2\/pages\/18\/revisions"}],"predecessor-version":[{"id":176,"href":"https:\/\/von-lavanya.ch\/index.php\/wp-json\/wp\/v2\/pages\/18\/revisions\/176"}],"wp:attachment":[{"href":"https:\/\/von-lavanya.ch\/index.php\/wp-json\/wp\/v2\/media?parent=18"}],"curies":[{"name":"wp","href":"https:\/\/api.w.org\/{rel}","templated":true}]}}